{"id":4052,"date":"2023-12-12T20:14:57","date_gmt":"2023-12-12T20:14:57","guid":{"rendered":"https:\/\/herbertus.co\/dev\/acm\/kontaktai\/"},"modified":"2024-02-04T22:24:05","modified_gmt":"2024-02-04T22:24:05","slug":"contacts","status":"publish","type":"page","link":"https:\/\/acmegrupe.lt\/en\/contacts\/","title":{"rendered":"Contacts"},"content":{"rendered":"","protected":false},"excerpt":{"rendered":"","protected":false},"author":1,"featured_media":0,"parent":0,"menu_order":0,"comment_status":"closed","ping_status":"closed","template":"contacts-page.php","meta":{"_acf_changed":false,"om_disable_all_campaigns":false,"_monsterinsights_skip_tracking":false,"_monsterinsights_sitenote_active":false,"_monsterinsights_sitenote_note":"","_monsterinsights_sitenote_category":0,"footnotes":""},"class_list":["post-4052","page","type-page","status-publish","hentry"],"acf":[],"yoast_head":"<!-- This site is optimized with the Yoast SEO plugin v27.3 - https:\/\/yoast.com\/product\/yoast-seo-wordpress\/ -->\n<title>Contacts - Acme Grup\u0117<\/title>\n<meta name=\"robots\" content=\"index, follow, max-snippet:-1, max-image-preview:large, max-video-preview:-1\" \/>\n<link rel=\"canonical\" href=\"https:\/\/acmegrupe.lt\/kontaktai\/\" \/>\n<meta property=\"og:locale\" content=\"en_US\" \/>\n<meta property=\"og:type\" content=\"article\" \/>\n<meta property=\"og:title\" content=\"Contacts - Acme Grup\u0117\" \/>\n<meta property=\"og:url\" content=\"https:\/\/acmegrupe.lt\/kontaktai\/\" \/>\n<meta property=\"og:site_name\" content=\"Acme Grup\u0117\" \/>\n<meta property=\"article:publisher\" content=\"https:\/\/www.facebook.com\/AcmeGrupe\" \/>\n<meta property=\"article:modified_time\" content=\"2024-02-04T22:24:05+00:00\" \/>\n<meta property=\"og:image\" content=\"https:\/\/acmegrupe.lt\/wp-content\/uploads\/2024\/02\/share-img-acme.png\" \/>\n\t<meta property=\"og:image:width\" content=\"1200\" \/>\n\t<meta property=\"og:image:height\" content=\"675\" \/>\n\t<meta property=\"og:image:type\" content=\"image\/png\" \/>\n<meta name=\"twitter:card\" content=\"summary_large_image\" \/>\n<script type=\"application\/ld+json\" class=\"yoast-schema-graph\">{\"@context\":\"https:\\\/\\\/schema.org\",\"@graph\":[{\"@type\":\"WebPage\",\"@id\":\"https:\\\/\\\/acmegrupe.lt\\\/kontaktai\\\/\",\"url\":\"https:\\\/\\\/acmegrupe.lt\\\/kontaktai\\\/\",\"name\":\"Contacts - Acme Grup\u0117\",\"isPartOf\":{\"@id\":\"https:\\\/\\\/acmegrupe.lt\\\/#website\"},\"datePublished\":\"2023-12-12T20:14:57+00:00\",\"dateModified\":\"2024-02-04T22:24:05+00:00\",\"breadcrumb\":{\"@id\":\"https:\\\/\\\/acmegrupe.lt\\\/kontaktai\\\/#breadcrumb\"},\"inLanguage\":\"en-US\",\"potentialAction\":[{\"@type\":\"ReadAction\",\"target\":[\"https:\\\/\\\/acmegrupe.lt\\\/kontaktai\\\/\"]}]},{\"@type\":\"BreadcrumbList\",\"@id\":\"https:\\\/\\\/acmegrupe.lt\\\/kontaktai\\\/#breadcrumb\",\"itemListElement\":[{\"@type\":\"ListItem\",\"position\":1,\"name\":\"Home\",\"item\":\"https:\\\/\\\/acmegrupe.lt\\\/en\\\/\"},{\"@type\":\"ListItem\",\"position\":2,\"name\":\"Contacts\"}]},{\"@type\":\"WebSite\",\"@id\":\"https:\\\/\\\/acmegrupe.lt\\\/#website\",\"url\":\"https:\\\/\\\/acmegrupe.lt\\\/\",\"name\":\"Acme Grup\u0117\",\"description\":\"Globali\u0173 partnerys\u010di\u0173 erdv\u0117\",\"publisher\":{\"@id\":\"https:\\\/\\\/acmegrupe.lt\\\/#organization\"},\"potentialAction\":[{\"@type\":\"SearchAction\",\"target\":{\"@type\":\"EntryPoint\",\"urlTemplate\":\"https:\\\/\\\/acmegrupe.lt\\\/?s={search_term_string}\"},\"query-input\":{\"@type\":\"PropertyValueSpecification\",\"valueRequired\":true,\"valueName\":\"search_term_string\"}}],\"inLanguage\":\"en-US\"},{\"@type\":\"Organization\",\"@id\":\"https:\\\/\\\/acmegrupe.lt\\\/#organization\",\"name\":\"Acme Grup\u0117\",\"url\":\"https:\\\/\\\/acmegrupe.lt\\\/\",\"logo\":{\"@type\":\"ImageObject\",\"inLanguage\":\"en-US\",\"@id\":\"https:\\\/\\\/acmegrupe.lt\\\/#\\\/schema\\\/logo\\\/image\\\/\",\"url\":\"https:\\\/\\\/acmegrupe.lt\\\/wp-content\\\/uploads\\\/2024\\\/02\\\/Frame-1000004411.svg\",\"contentUrl\":\"https:\\\/\\\/acmegrupe.lt\\\/wp-content\\\/uploads\\\/2024\\\/02\\\/Frame-1000004411.svg\",\"width\":1,\"height\":1,\"caption\":\"Acme Grup\u0117\"},\"image\":{\"@id\":\"https:\\\/\\\/acmegrupe.lt\\\/#\\\/schema\\\/logo\\\/image\\\/\"},\"sameAs\":[\"https:\\\/\\\/www.facebook.com\\\/AcmeGrupe\",\"https:\\\/\\\/www.linkedin.com\\\/company\\\/acme-grup\\\/\"]}]}<\/script>\n<!-- \/ Yoast SEO plugin. -->","yoast_head_json":{"title":"Contacts - Acme Grup\u0117","robots":{"index":"index","follow":"follow","max-snippet":"max-snippet:-1","max-image-preview":"max-image-preview:large","max-video-preview":"max-video-preview:-1"},"canonical":"https:\/\/acmegrupe.lt\/kontaktai\/","og_locale":"en_US","og_type":"article","og_title":"Contacts - Acme Grup\u0117","og_url":"https:\/\/acmegrupe.lt\/kontaktai\/","og_site_name":"Acme Grup\u0117","article_publisher":"https:\/\/www.facebook.com\/AcmeGrupe","article_modified_time":"2024-02-04T22:24:05+00:00","og_image":[{"width":1200,"height":675,"url":"https:\/\/acmegrupe.lt\/wp-content\/uploads\/2024\/02\/share-img-acme.png","type":"image\/png"}],"twitter_card":"summary_large_image","schema":{"@context":"https:\/\/schema.org","@graph":[{"@type":"WebPage","@id":"https:\/\/acmegrupe.lt\/kontaktai\/","url":"https:\/\/acmegrupe.lt\/kontaktai\/","name":"Contacts - Acme Grup\u0117","isPartOf":{"@id":"https:\/\/acmegrupe.lt\/#website"},"datePublished":"2023-12-12T20:14:57+00:00","dateModified":"2024-02-04T22:24:05+00:00","breadcrumb":{"@id":"https:\/\/acmegrupe.lt\/kontaktai\/#breadcrumb"},"inLanguage":"en-US","potentialAction":[{"@type":"ReadAction","target":["https:\/\/acmegrupe.lt\/kontaktai\/"]}]},{"@type":"BreadcrumbList","@id":"https:\/\/acmegrupe.lt\/kontaktai\/#breadcrumb","itemListElement":[{"@type":"ListItem","position":1,"name":"Home","item":"https:\/\/acmegrupe.lt\/en\/"},{"@type":"ListItem","position":2,"name":"Contacts"}]},{"@type":"WebSite","@id":"https:\/\/acmegrupe.lt\/#website","url":"https:\/\/acmegrupe.lt\/","name":"Acme Grup\u0117","description":"Globali\u0173 partnerys\u010di\u0173 erdv\u0117","publisher":{"@id":"https:\/\/acmegrupe.lt\/#organization"},"potentialAction":[{"@type":"SearchAction","target":{"@type":"EntryPoint","urlTemplate":"https:\/\/acmegrupe.lt\/?s={search_term_string}"},"query-input":{"@type":"PropertyValueSpecification","valueRequired":true,"valueName":"search_term_string"}}],"inLanguage":"en-US"},{"@type":"Organization","@id":"https:\/\/acmegrupe.lt\/#organization","name":"Acme Grup\u0117","url":"https:\/\/acmegrupe.lt\/","logo":{"@type":"ImageObject","inLanguage":"en-US","@id":"https:\/\/acmegrupe.lt\/#\/schema\/logo\/image\/","url":"https:\/\/acmegrupe.lt\/wp-content\/uploads\/2024\/02\/Frame-1000004411.svg","contentUrl":"https:\/\/acmegrupe.lt\/wp-content\/uploads\/2024\/02\/Frame-1000004411.svg","width":1,"height":1,"caption":"Acme Grup\u0117"},"image":{"@id":"https:\/\/acmegrupe.lt\/#\/schema\/logo\/image\/"},"sameAs":["https:\/\/www.facebook.com\/AcmeGrupe","https:\/\/www.linkedin.com\/company\/acme-grup\/"]}]}},"_links":{"self":[{"href":"https:\/\/acmegrupe.lt\/en\/wp-json\/wp\/v2\/pages\/4052","targetHints":{"allow":["GET"]}}],"collection":[{"href":"https:\/\/acmegrupe.lt\/en\/wp-json\/wp\/v2\/pages"}],"about":[{"href":"https:\/\/acmegrupe.lt\/en\/wp-json\/wp\/v2\/types\/page"}],"author":[{"embeddable":true,"href":"https:\/\/acmegrupe.lt\/en\/wp-json\/wp\/v2\/users\/1"}],"replies":[{"embeddable":true,"href":"https:\/\/acmegrupe.lt\/en\/wp-json\/wp\/v2\/comments?post=4052"}],"version-history":[{"count":6,"href":"https:\/\/acmegrupe.lt\/en\/wp-json\/wp\/v2\/pages\/4052\/revisions"}],"predecessor-version":[{"id":4707,"href":"https:\/\/acmegrupe.lt\/en\/wp-json\/wp\/v2\/pages\/4052\/revisions\/4707"}],"wp:attachment":[{"href":"https:\/\/acmegrupe.lt\/en\/wp-json\/wp\/v2\/media?parent=4052"}],"curies":[{"name":"wp","href":"https:\/\/api.w.org\/{rel}","templated":true}]}}